{"id":100,"date":"2021-12-14T09:09:14","date_gmt":"2021-12-14T09:09:14","guid":{"rendered":"https:\/\/finetech.ma\/?page_id=100"},"modified":"2023-01-01T12:46:43","modified_gmt":"2023-01-01T12:46:43","slug":"epilation-definitive","status":"publish","type":"page","link":"https:\/\/finetech.ma\/?page_id=100","title":{"rendered":"Epilation d\u00e9finitive"},"content":{"rendered":"\n\t<section class=\"section\" id=\"section_1702017358\">\n\t\t<div class=\"bg section-bg fill bg-fill  bg-loaded\" >\n\n\t\t\t\n\t\t\t<div class=\"section-bg-overlay absolute fill\"><\/div>\n\t\t\t\n\t<div class=\"is-border\"\n\t\tstyle=\"border-width:1px 0px 1px 0px;\">\n\t<\/div>\n\n\t\t<\/div>\n\n\t\t<div class=\"section-content relative\">\n\t\t\t\n\n<div class=\"row row-large align-middle\"  id=\"row-1771603802\">\n\n\n\t<div id=\"col-984318018\" class=\"col medium-6 small-12 large-6\"  >\n\t\t\t\t<div class=\"col-inner\"  >\n\t\t\t\n\t\t\t\n\n\t<div class=\"img has-hover x md-x lg-x y md-y lg-y\" id=\"image_722038805\">\n\t\t\t\t\t\t\t\t<div class=\"img-inner box-shadow-2 dark\" >\n\t\t\t\t\t\t\t\t\t\n\t\t\t\t\t<\/div>\n\t\t\t\t\t\t\t\t\n<style>\n#image_722038805 {\n  width: 100%;\n}\n<\/style>\n\t<\/div>\n\t\n\n\t<div class=\"img has-hover x md-x lg-x y md-y lg-y\" id=\"image_1046081887\">\n\t\t\t\t\t\t\t\t<div class=\"img-inner dark\" >\n\t\t\t<img loading=\"lazy\" decoding=\"async\" width=\"800\" height=\"916\" src=\"https:\/\/finetech.ma\/wp-content\/uploads\/2021\/12\/young-hair-removal-therapist-in-coat-with-laser-ep-ULL3YZY-2-800x916-1.jpg\" class=\"attachment-large size-large\" alt=\"\" srcset=\"https:\/\/finetech.ma\/wp-content\/uploads\/2021\/12\/young-hair-removal-therapist-in-coat-with-laser-ep-ULL3YZY-2-800x916-1.jpg 800w, https:\/\/finetech.ma\/wp-content\/uploads\/2021\/12\/young-hair-removal-therapist-in-coat-with-laser-ep-ULL3YZY-2-800x916-1-262x300.jpg 262w, https:\/\/finetech.ma\/wp-content\/uploads\/2021\/12\/young-hair-removal-therapist-in-coat-with-laser-ep-ULL3YZY-2-800x916-1-768x879.jpg 768w\" sizes=\"auto, (max-width: 800px) 100vw, 800px\" \/>\t\t\t\t\t\t\n\t\t\t\t\t<\/div>\n\t\t\t\t\t\t\t\t\n<style>\n#image_1046081887 {\n  width: 100%;\n}\n<\/style>\n\t<\/div>\n\t\n\n\n\t\t<\/div>\n\t\t\t\t\t<\/div>\n\n\t\n\n\t<div id=\"col-254101174\" class=\"col medium-6 small-12 large-6\"  >\n\t\t\t\t<div class=\"col-inner text-left\"  >\n\t\t\t\n\t\t\t\n\n<h2 class=\"uppercase\">\u00e9pilation d\u00e9finitive AU LASER<\/h2>\n<div class=\"fusion-row\">\n<section id=\"content\" class=\"full-width\">\n<div id=\"post-1296\" class=\"post-1296 page type-page status-publish hentry\">\n<div class=\"post-content\">\n<div class=\"fusion-fullwidth fullwidth-box fusion-builder-row-3 fusion-flex-container nonhundred-percent-fullwidth non-hundred-percent-height-scrolling\">\n<div class=\"fusion-builder-row fusion-row fusion-flex-align-items-stretch\">\n<div class=\"fusion-layout-column fusion_builder_column fusion-builder-column-6 fusion_builder_column_1_2 1_2 fusion-flex-column\">\n<div class=\"fusion-column-wrapper fusion-flex-justify-content-center fusion-content-layout-column\">\n<div class=\"fusion-text fusion-text-1\">\n<div class=\"wpb_text_column wpb_content_element about_info\">\n<div class=\"wpb_wrapper\">\n<p>L\u2019\u00e9pilation d\u00e9finitive n\u2019est pas un luxe, c\u2019est une n\u00e9cessit\u00e9.<\/p>\n<p>Elle a l\u2019avantage d\u2019\u00eatre indolore (gr\u00e2ce \u00e0 son syst\u00e8me de refroidissement instantan\u00e9), rapide, efficace, elle permet de traiter tous les phototypes particuli\u00e8rement les fonc\u00e9s.<\/p>\n<p>Elle cible tout le corps, les bras, les jambes, les joues, le duvet, cuisses et aisselles et les zones intimes.<\/p>\n<p>Une r\u00e9duction de poils de plus de 80% apr\u00e8s 3 \u00e0 5 s\u00e9ances de traitements selon la nature du poil fin ou \u00e9pais.<\/p>\n<\/div>\n<\/div>\n<\/div>\n<\/div>\n<\/div>\n<\/div>\n<\/div>\n<\/div>\n<\/div>\n<\/section>\n<\/div>\n<div class=\"fusion-row\">\n<section id=\"content\" class=\"full-width\">\n<div id=\"post-1296\" class=\"post-1296 page type-page status-publish hentry\">\n<div class=\"post-content\">\n<div class=\"fusion-fullwidth fullwidth-box fusion-builder-row-3 fusion-flex-container nonhundred-percent-fullwidth non-hundred-percent-height-scrolling\">\n<div class=\"fusion-builder-row fusion-row fusion-flex-align-items-stretch\">\n<div class=\"fusion-layout-column fusion_builder_column fusion-builder-column-6 fusion_builder_column_1_2 1_2 fusion-flex-column\">\n<div class=\"fusion-column-wrapper fusion-flex-justify-content-center fusion-content-layout-column\">\n<div class=\"fusion-text fusion-text-1\">\n<div class=\"wpb_text_column wpb_content_element about_info\">\n<div class=\"wpb_wrapper\">\u00a0<\/div>\n<\/div>\n<\/div>\n<\/div>\n<\/div>\n<\/div>\n<\/div>\n<\/div>\n<\/div>\n<\/section>\n<\/div>\n<section class=\"fusion-tb-footer fusion-footer\">\n<div class=\"fusion-footer-widget-area fusion-widget-area\">\n<div class=\"fusion-fullwidth fullwidth-box fusion-builder-row-4 fusion-flex-container nonhundred-percent-fullwidth non-hundred-percent-height-scrolling\">\n<div class=\"fusion-builder-row fusion-row fusion-flex-align-items-flex-start\">\n<div class=\"fusion-layout-column fusion_builder_column fusion-builder-column-7 fusion_builder_column_1_1 1_1 fusion-flex-column\">\n<div class=\"fusion-column-wrapper fusion-flex-justify-content-flex-start fusion-content-layout-column\">\n<div class=\"fusion-social-links\">\n<div class=\"fusion-social-networks boxed-icons\">\n<div class=\"fusion-social-networks-wrapper\">\u00a0<\/div>\n<\/div>\n<\/div>\n<\/div>\n<\/div>\n<\/div>\n<\/div>\n<\/div>\n<\/section>\n\n\t\t<\/div>\n\t\t\t\t\t<\/div>\n\n\t\n\n<\/div>\n\n\t\t<\/div>\n\n\t\t\n<style>\n#section_1702017358 {\n  padding-top: 60px;\n  padding-bottom: 60px;\n  background-color: rgb(193, 193, 193);\n}\n#section_1702017358 .section-bg-overlay {\n  background-color: rgba(255, 255, 255, 0.85);\n}\n<\/style>\n\t<\/section>\n\t\n\n","protected":false},"excerpt":{"rendered":"","protected":false},"author":1,"featured_media":0,"parent":0,"menu_order":0,"comment_status":"closed","ping_status":"closed","template":"page-blank.php","meta":{"footnotes":""},"class_list":["post-100","page","type-page","status-publish","hentry"],"_links":{"self":[{"href":"https:\/\/finetech.ma\/index.php?rest_route=\/wp\/v2\/pages\/100","targetHints":{"allow":["GET"]}}],"collection":[{"href":"https:\/\/finetech.ma\/index.php?rest_route=\/wp\/v2\/pages"}],"about":[{"href":"https:\/\/finetech.ma\/index.php?rest_route=\/wp\/v2\/types\/page"}],"author":[{"embeddable":true,"href":"https:\/\/finetech.ma\/index.php?rest_route=\/wp\/v2\/users\/1"}],"replies":[{"embeddable":true,"href":"https:\/\/finetech.ma\/index.php?rest_route=%2Fwp%2Fv2%2Fcomments&post=100"}],"version-history":[{"count":4,"href":"https:\/\/finetech.ma\/index.php?rest_route=\/wp\/v2\/pages\/100\/revisions"}],"predecessor-version":[{"id":159,"href":"https:\/\/finetech.ma\/index.php?rest_route=\/wp\/v2\/pages\/100\/revisions\/159"}],"wp:attachment":[{"href":"https:\/\/finetech.ma\/index.php?rest_route=%2Fwp%2Fv2%2Fmedia&parent=100"}],"curies":[{"name":"wp","href":"https:\/\/api.w.org\/{rel}","templated":true}]}}