{"id":106,"date":"2021-12-14T09:28:33","date_gmt":"2021-12-14T09:28:33","guid":{"rendered":"https:\/\/finetech.ma\/?page_id=106"},"modified":"2021-12-15T08:46:13","modified_gmt":"2021-12-15T08:46:13","slug":"soin-de-visage","status":"publish","type":"page","link":"https:\/\/finetech.ma\/?page_id=106","title":{"rendered":"Soins de visage"},"content":{"rendered":"\n\t<section class=\"section\" id=\"section_645747355\">\n\t\t<div class=\"bg section-bg fill bg-fill  bg-loaded\" >\n\n\t\t\t\n\t\t\t<div class=\"section-bg-overlay absolute fill\"><\/div>\n\t\t\t\n\t<div class=\"is-border\"\n\t\tstyle=\"border-width:1px 0px 1px 0px;\">\n\t<\/div>\n\n\t\t<\/div>\n\n\t\t<div class=\"section-content relative\">\n\t\t\t\n\n<div class=\"row row-large align-middle\"  id=\"row-976008581\">\n\n\n\t<div id=\"col-1826674081\" class=\"col medium-6 small-12 large-6\"  >\n\t\t\t\t<div class=\"col-inner\"  >\n\t\t\t\n\t\t\t\n\n\t<div class=\"img has-hover x md-x lg-x y md-y lg-y\" id=\"image_354460044\">\n\t\t\t\t\t\t\t\t<div class=\"img-inner dark\" >\n\t\t\t<img loading=\"lazy\" decoding=\"async\" width=\"600\" height=\"400\" src=\"https:\/\/finetech.ma\/wp-content\/uploads\/2021\/12\/hifu-600x400-1.jpeg\" class=\"attachment-large size-large\" alt=\"\" srcset=\"https:\/\/finetech.ma\/wp-content\/uploads\/2021\/12\/hifu-600x400-1.jpeg 600w, https:\/\/finetech.ma\/wp-content\/uploads\/2021\/12\/hifu-600x400-1-300x200.jpeg 300w\" sizes=\"auto, (max-width: 600px) 100vw, 600px\" \/>\t\t\t\t\t\t\n\t\t\t\t\t<\/div>\n\t\t\t\t\t\t\t\t\n<style>\n#image_354460044 {\n  width: 100%;\n}\n<\/style>\n\t<\/div>\n\t\n\n\t<div class=\"img has-hover x md-x lg-x y md-y lg-y\" id=\"image_923081415\">\n\t\t\t\t\t\t\t\t<div class=\"img-inner box-shadow-2 dark\" >\n\t\t\t\t\t\t\t\t\t\n\t\t\t\t\t<\/div>\n\t\t\t\t\t\t\t\t\n<style>\n#image_923081415 {\n  width: 100%;\n}\n<\/style>\n\t<\/div>\n\t\n\n\n\t\t<\/div>\n\t\t\t\t\t<\/div>\n\n\t\n\n\t<div id=\"col-598988686\" class=\"col medium-6 small-12 large-6\"  >\n\t\t\t\t<div class=\"col-inner text-left\"  >\n\t\t\t\n\t\t\t\n\n<h2 class=\"uppercase\"><strong>Hifu<\/strong><\/h2>\n<p>Hifu est une nouvelle technique non invasive de lifting, ni chirurgie, ni aiguille, que des ultrasons<\/p>\n<ul>\n<li>Agit en profondeur sur plusieurs couches de la peau, il la stimule ce qui g\u00e9n\u00e8re la synth\u00e8se du collag\u00e8ne.<\/li>\n<li>R\u00e9sultat \u00e7a remod\u00e8le le visage, rel\u00e8ve les sourcils, les bajoues, lift le cou, att\u00e9nue le double menton et raffermit la peau.<\/li>\n<\/ul>\n\n\t\t<\/div>\n\t\t\t\t\t<\/div>\n\n\t\n\n<\/div>\n\n\t\t<\/div>\n\n\t\t\n<style>\n#section_645747355 {\n  padding-top: 60px;\n  padding-bottom: 60px;\n  background-color: rgb(193, 193, 193);\n}\n#section_645747355 .section-bg-overlay {\n  background-color: rgba(255, 255, 255, 0.85);\n}\n<\/style>\n\t<\/section>\n\t\n\t<section class=\"section\" id=\"section_135651640\">\n\t\t<div class=\"bg section-bg fill bg-fill  bg-loaded\" >\n\n\t\t\t\n\t\t\t<div class=\"section-bg-overlay absolute fill\"><\/div>\n\t\t\t\n\n\t\t<\/div>\n\n\t\t<div class=\"section-content relative\">\n\t\t\t\n\n<div class=\"row row-large align-middle\"  id=\"row-444727709\">\n\n\n\t<div id=\"col-1612933846\" class=\"col medium-6 small-12 large-6\"  >\n\t\t\t\t<div class=\"col-inner text-left\"  >\n\t\t\t\n\t\t\t\n\n<h2 class=\"uppercase\"><strong>Soin visage cryo 21<\/strong><\/h2>\n<p>Soin de beaut\u00e9 s\u00e9lectionn\u00e9 au plus pr\u00e8s de la nature indolore, non invasive et sculpteur naturel du visage visible d\u00e8s la 1<sup>\u00e8re<\/sup>&nbsp;s\u00e9ance&nbsp;:<\/p>\n<ul>\n<li>Raffermissement des tissus<\/li>\n<li>Tonification musculaire<\/li>\n<li>R\u00e9duction des rides<\/li>\n<li>Effacement du double menton<\/li>\n<\/ul>\n\n\t\t<\/div>\n\t\t\t\t\t<\/div>\n\n\t\n\n\t<div id=\"col-760850014\" class=\"col medium-6 small-12 large-6\"  >\n\t\t\t\t<div class=\"col-inner\"  >\n\t\t\t\n\t\t\t\n\n\t<div class=\"img has-hover x md-x lg-x y md-y lg-y\" id=\"image_826935429\">\n\t\t\t\t\t\t\t\t<div class=\"img-inner box-shadow-2 dark\" >\n\t\t\t\t\t\t\t\t\t\n\t\t\t\t\t<\/div>\n\t\t\t\t\t\t\t\t\n<style>\n#image_826935429 {\n  width: 100%;\n}\n<\/style>\n\t<\/div>\n\t\n\n\t<div class=\"img has-hover x md-x lg-x y md-y lg-y\" id=\"image_812491115\">\n\t\t\t\t\t\t\t\t<div class=\"img-inner dark\" >\n\t\t\t<img loading=\"lazy\" decoding=\"async\" width=\"500\" height=\"606\" src=\"https:\/\/finetech.ma\/wp-content\/uploads\/2021\/12\/cryo21-face-1.jpg\" class=\"attachment-large size-large\" alt=\"\" srcset=\"https:\/\/finetech.ma\/wp-content\/uploads\/2021\/12\/cryo21-face-1.jpg 500w, https:\/\/finetech.ma\/wp-content\/uploads\/2021\/12\/cryo21-face-1-248x300.jpg 248w\" sizes=\"auto, (max-width: 500px) 100vw, 500px\" \/>\t\t\t\t\t\t\n\t\t\t\t\t<\/div>\n\t\t\t\t\t\t\t\t\n<style>\n#image_812491115 {\n  width: 100%;\n}\n<\/style>\n\t<\/div>\n\t\n\n\n\t\t<\/div>\n\t\t\t\t\t<\/div>\n\n\t\n\n<\/div>\n\n\t\t<\/div>\n\n\t\t\n<style>\n#section_135651640 {\n  padding-top: 60px;\n  padding-bottom: 60px;\n  background-color: rgb(255, 255, 255);\n}\n#section_135651640 .section-bg-overlay {\n  background-color: rgba(255, 255, 255, 0.85);\n}\n<\/style>\n\t<\/section>\n\t\n\t<section class=\"section\" id=\"section_411850121\">\n\t\t<div class=\"bg section-bg fill bg-fill  bg-loaded\" >\n\n\t\t\t\n\t\t\t<div class=\"section-bg-overlay absolute fill\"><\/div>\n\t\t\t\n\t<div class=\"is-border\"\n\t\tstyle=\"border-width:1px 0px 1px 0px;\">\n\t<\/div>\n\n\t\t<\/div>\n\n\t\t<div class=\"section-content relative\">\n\t\t\t\n\n<div class=\"row row-large align-middle\"  id=\"row-1012344743\">\n\n\n\t<div id=\"col-917706848\" class=\"col medium-6 small-12 large-6\"  >\n\t\t\t\t<div class=\"col-inner\"  >\n\t\t\t\n\t\t\t\n\n\t<div class=\"img has-hover x md-x lg-x y md-y lg-y\" id=\"image_974041137\">\n\t\t\t\t\t\t\t\t<div class=\"img-inner dark\" >\n\t\t\t<img loading=\"lazy\" decoding=\"async\" width=\"500\" height=\"334\" src=\"https:\/\/finetech.ma\/wp-content\/uploads\/2021\/12\/Chromoios.jpg\" class=\"attachment-large size-large\" alt=\"\" srcset=\"https:\/\/finetech.ma\/wp-content\/uploads\/2021\/12\/Chromoios.jpg 500w, https:\/\/finetech.ma\/wp-content\/uploads\/2021\/12\/Chromoios-300x200.jpg 300w\" sizes=\"auto, (max-width: 500px) 100vw, 500px\" \/>\t\t\t\t\t\t\n\t\t\t\t\t<\/div>\n\t\t\t\t\t\t\t\t\n<style>\n#image_974041137 {\n  width: 100%;\n}\n<\/style>\n\t<\/div>\n\t\n\n\t<div class=\"img has-hover x md-x lg-x y md-y lg-y\" id=\"image_1057749355\">\n\t\t\t\t\t\t\t\t<div class=\"img-inner box-shadow-2 dark\" >\n\t\t\t\t\t\t\t\t\t\n\t\t\t\t\t<\/div>\n\t\t\t\t\t\t\t\t\n<style>\n#image_1057749355 {\n  width: 100%;\n}\n<\/style>\n\t<\/div>\n\t\n\n\n\t\t<\/div>\n\t\t\t\t\t<\/div>\n\n\t\n\n\t<div id=\"col-930523861\" class=\"col medium-6 small-12 large-6\"  >\n\t\t\t\t<div class=\"col-inner text-left\"  >\n\t\t\t\n\t\t\t\n\n<h2 class=\"uppercase\"><strong>Soin visage chromoios 21<\/strong><\/h2>\n<p>Repoussez les limites du domaine de l\u2019esth\u00e9tique gr\u00e2ce \u00e0 l\u2019association de la chromoth\u00e9rapie et de l\u2019\u00e9lectrostimulation et du micro-courant pour un bio rajeunissement du visage gr\u00e2ce \u00e0 son lifting instantan\u00e9&nbsp;:<\/p>\n<ul>\n<li>Rides<\/li>\n<li>Vieillissement pr\u00e9matur\u00e9<\/li>\n<li>Poches sous les yeux<\/li>\n<li>Erythrose<\/li>\n<li>Couperose<\/li>\n<li>Peau grasse ,s\u00e8che ,acn\u00e9ique<\/li>\n<li>Rel\u00e2chement tissulaire<\/li>\n<\/ul>\n\n\t\t<\/div>\n\t\t\t\t\t<\/div>\n\n\t\n\n<\/div>\n\n\t\t<\/div>\n\n\t\t\n<style>\n#section_411850121 {\n  padding-top: 60px;\n  padding-bottom: 60px;\n  background-color: rgb(193, 193, 193);\n}\n#section_411850121 .section-bg-overlay {\n  background-color: rgba(255, 255, 255, 0.85);\n}\n<\/style>\n\t<\/section>\n\t\n\t<section class=\"section\" id=\"section_1866690504\">\n\t\t<div class=\"bg section-bg fill bg-fill  bg-loaded\" >\n\n\t\t\t\n\t\t\t<div class=\"section-bg-overlay absolute fill\"><\/div>\n\t\t\t\n\n\t\t<\/div>\n\n\t\t<div class=\"section-content relative\">\n\t\t\t\n\n<div class=\"row row-large align-middle\"  id=\"row-1307701677\">\n\n\n\t<div id=\"col-2067001182\" class=\"col medium-6 small-12 large-6\"  >\n\t\t\t\t<div class=\"col-inner text-left\"  >\n\t\t\t\n\t\t\t\n\n<h2 class=\"uppercase\"><strong>Soin splendeur<\/strong><\/h2>\n<p>Fine tech vous propose un soin professionnel en 12 \u00e9tapes, qui aide \u00e0 \u00e9liminer les toxines de l\u2019\u00e9piderme<\/p>\n<ul>\n<li>Emet une action hydratante<\/li>\n<li>Stimule la circulation et active la r\u00e9g\u00e9n\u00e9ration cellulaire de la peau.<\/li>\n<li>Prot\u00e8ge le visage des agressions diverses, de la pollution et effectue un nettoyage en profondeur.<\/li>\n<li>Contient l\u2019ozone qui prot\u00e8ge contre le rayonnement ultraviolet et a un effet curatif.<\/li>\n<\/ul>\n\n\t\t<\/div>\n\t\t\t\t\t<\/div>\n\n\t\n\n\t<div id=\"col-610189467\" class=\"col medium-6 small-12 large-6\"  >\n\t\t\t\t<div class=\"col-inner\"  >\n\t\t\t\n\t\t\t\n\n\t<div class=\"img has-hover x md-x lg-x y md-y lg-y\" id=\"image_774792797\">\n\t\t\t\t\t\t\t\t<div class=\"img-inner box-shadow-2 dark\" >\n\t\t\t\t\t\t\t\t\t\n\t\t\t\t\t<\/div>\n\t\t\t\t\t\t\t\t\n<style>\n#image_774792797 {\n  width: 100%;\n}\n<\/style>\n\t<\/div>\n\t\n\n\t<div class=\"img has-hover x md-x lg-x y md-y lg-y\" id=\"image_806490101\">\n\t\t\t\t\t\t\t\t<div class=\"img-inner dark\" >\n\t\t\t<img loading=\"lazy\" decoding=\"async\" width=\"600\" height=\"779\" src=\"https:\/\/finetech.ma\/wp-content\/uploads\/2021\/12\/cosmetician-making-ultrasonic-face-cleaning-S7ERVRH-600x779-1.jpg\" class=\"attachment-large size-large\" alt=\"\" srcset=\"https:\/\/finetech.ma\/wp-content\/uploads\/2021\/12\/cosmetician-making-ultrasonic-face-cleaning-S7ERVRH-600x779-1.jpg 600w, https:\/\/finetech.ma\/wp-content\/uploads\/2021\/12\/cosmetician-making-ultrasonic-face-cleaning-S7ERVRH-600x779-1-231x300.jpg 231w\" sizes=\"auto, (max-width: 600px) 100vw, 600px\" \/>\t\t\t\t\t\t\n\t\t\t\t\t<\/div>\n\t\t\t\t\t\t\t\t\n<style>\n#image_806490101 {\n  width: 100%;\n}\n<\/style>\n\t<\/div>\n\t\n\n\n\t\t<\/div>\n\t\t\t\t\t<\/div>\n\n\t\n\n<\/div>\n\n\t\t<\/div>\n\n\t\t\n<style>\n#section_1866690504 {\n  padding-top: 60px;\n  padding-bottom: 60px;\n  background-color: rgb(255, 255, 255);\n}\n#section_1866690504 .section-bg-overlay {\n  background-color: rgba(255, 255, 255, 0.85);\n}\n<\/style>\n\t<\/section>\n\t\n\t<section class=\"section\" id=\"section_487062576\">\n\t\t<div class=\"bg section-bg fill bg-fill  bg-loaded\" >\n\n\t\t\t\n\t\t\t<div class=\"section-bg-overlay absolute fill\"><\/div>\n\t\t\t\n\t<div class=\"is-border\"\n\t\tstyle=\"border-width:1px 0px 1px 0px;\">\n\t<\/div>\n\n\t\t<\/div>\n\n\t\t<div class=\"section-content relative\">\n\t\t\t\n\n<div class=\"row row-large align-middle\"  id=\"row-891606319\">\n\n\n\t<div id=\"col-335689358\" class=\"col medium-6 small-12 large-6\"  >\n\t\t\t\t<div class=\"col-inner\"  >\n\t\t\t\n\t\t\t\n\n\t<div class=\"img has-hover x md-x lg-x y md-y lg-y\" id=\"image_1936495680\">\n\t\t\t\t\t\t\t\t<div class=\"img-inner dark\" >\n\t\t\t<img loading=\"lazy\" decoding=\"async\" width=\"600\" height=\"500\" src=\"https:\/\/finetech.ma\/wp-content\/uploads\/2021\/12\/Hd-600x500-1.jpeg\" class=\"attachment-large size-large\" alt=\"\" srcset=\"https:\/\/finetech.ma\/wp-content\/uploads\/2021\/12\/Hd-600x500-1.jpeg 600w, https:\/\/finetech.ma\/wp-content\/uploads\/2021\/12\/Hd-600x500-1-300x250.jpeg 300w\" sizes=\"auto, (max-width: 600px) 100vw, 600px\" \/>\t\t\t\t\t\t\n\t\t\t\t\t<\/div>\n\t\t\t\t\t\t\t\t\n<style>\n#image_1936495680 {\n  width: 100%;\n}\n<\/style>\n\t<\/div>\n\t\n\n\t<div class=\"img has-hover x md-x lg-x y md-y lg-y\" id=\"image_2100279076\">\n\t\t\t\t\t\t\t\t<div class=\"img-inner box-shadow-2 dark\" >\n\t\t\t\t\t\t\t\t\t\n\t\t\t\t\t<\/div>\n\t\t\t\t\t\t\t\t\n<style>\n#image_2100279076 {\n  width: 100%;\n}\n<\/style>\n\t<\/div>\n\t\n\n\n\t\t<\/div>\n\t\t\t\t\t<\/div>\n\n\t\n\n\t<div id=\"col-965258361\" class=\"col medium-6 small-12 large-6\"  >\n\t\t\t\t<div class=\"col-inner text-left\"  >\n\t\t\t\n\t\t\t\n\n<h2 class=\"uppercase\"><strong>Soin hydrafacial<\/strong><\/h2>\n<p>Hydra facial est le traitement en l\u2019occurrence qui permet un nettoyage et un lissage cutan\u00e9 gr\u00e2ce \u00e0 son peeling en douceur<\/p>\n<ul>\n<li>Permet l\u2019ouverture des pores afin d\u2019apporter \u00e0 la peau des s\u00e9rums \u00e0 base de vitamines et d\u2019acide lactique, salicylique et hyaluronique.<\/li>\n<li>C\u2019est le traitement qui donne une peau saine, hydrat\u00e9e, lumineuse, tonifi\u00e9e, stimule les facteurs de croissance, diminue les ridules, les t\u00e2ches et ressert les pores, gr\u00e2ce \u00e0 ses diff\u00e9rentes fonctions et technologies.<\/li>\n<li>La radiance de la luminoth\u00e9rapie.<\/li>\n<\/ul>\n\n\t\t<\/div>\n\t\t\t\t\t<\/div>\n\n\t\n\n<\/div>\n\n\t\t<\/div>\n\n\t\t\n<style>\n#section_487062576 {\n  padding-top: 60px;\n  padding-bottom: 60px;\n  background-color: rgb(193, 193, 193);\n}\n#section_487062576 .section-bg-overlay {\n  background-color: rgba(255, 255, 255, 0.85);\n}\n<\/style>\n\t<\/section>\n\t\n","protected":false},"excerpt":{"rendered":"","protected":false},"author":1,"featured_media":0,"parent":0,"menu_order":0,"comment_status":"closed","ping_status":"closed","template":"page-blank.php","meta":{"footnotes":""},"class_list":["post-106","page","type-page","status-publish","hentry"],"_links":{"self":[{"href":"https:\/\/finetech.ma\/index.php?rest_route=\/wp\/v2\/pages\/106","targetHints":{"allow":["GET"]}}],"collection":[{"href":"https:\/\/finetech.ma\/index.php?rest_route=\/wp\/v2\/pages"}],"about":[{"href":"https:\/\/finetech.ma\/index.php?rest_route=\/wp\/v2\/types\/page"}],"author":[{"embeddable":true,"href":"https:\/\/finetech.ma\/index.php?rest_route=\/wp\/v2\/users\/1"}],"replies":[{"embeddable":true,"href":"https:\/\/finetech.ma\/index.php?rest_route=%2Fwp%2Fv2%2Fcomments&post=106"}],"version-history":[{"count":7,"href":"https:\/\/finetech.ma\/index.php?rest_route=\/wp\/v2\/pages\/106\/revisions"}],"predecessor-version":[{"id":146,"href":"https:\/\/finetech.ma\/index.php?rest_route=\/wp\/v2\/pages\/106\/revisions\/146"}],"wp:attachment":[{"href":"https:\/\/finetech.ma\/index.php?rest_route=%2Fwp%2Fv2%2Fmedia&parent=106"}],"curies":[{"name":"wp","href":"https:\/\/api.w.org\/{rel}","templated":true}]}}