{"id":119,"date":"2021-12-14T11:02:21","date_gmt":"2021-12-14T11:02:21","guid":{"rendered":"https:\/\/finetech.ma\/?page_id=119"},"modified":"2023-01-01T13:02:56","modified_gmt":"2023-01-01T13:02:56","slug":"detente-et-bienetre","status":"publish","type":"page","link":"https:\/\/finetech.ma\/?page_id=119","title":{"rendered":"D\u00e9tente et bien\u00eatre"},"content":{"rendered":"\n\t<section class=\"section\" id=\"section_97146204\">\n\t\t<div class=\"bg section-bg fill bg-fill  bg-loaded\" >\n\n\t\t\t\n\t\t\t<div class=\"section-bg-overlay absolute fill\"><\/div>\n\t\t\t\n\t<div class=\"is-border\"\n\t\tstyle=\"border-width:1px 0px 1px 0px;\">\n\t<\/div>\n\n\t\t<\/div>\n\n\t\t<div class=\"section-content relative\">\n\t\t\t\n\n<div class=\"row row-large align-middle\"  id=\"row-1557340875\">\n\n\n\t<div id=\"col-1855511638\" class=\"col medium-6 small-12 large-6\"  >\n\t\t\t\t<div class=\"col-inner\"  >\n\t\t\t\n\t\t\t\n\n\t<div class=\"img has-hover x md-x lg-x y md-y lg-y\" id=\"image_339484644\">\n\t\t\t\t\t\t\t\t<div class=\"img-inner dark\" >\n\t\t\t<img loading=\"lazy\" decoding=\"async\" width=\"600\" height=\"398\" src=\"https:\/\/finetech.ma\/wp-content\/uploads\/2023\/01\/dr-600x398-1-removebg-preview.png\" class=\"attachment-large size-large\" alt=\"\" srcset=\"https:\/\/finetech.ma\/wp-content\/uploads\/2023\/01\/dr-600x398-1-removebg-preview.png 600w, https:\/\/finetech.ma\/wp-content\/uploads\/2023\/01\/dr-600x398-1-removebg-preview-300x199.png 300w\" sizes=\"auto, (max-width: 600px) 100vw, 600px\" \/>\t\t\t\t\t\t\n\t\t\t\t\t<\/div>\n\t\t\t\t\t\t\t\t\n<style>\n#image_339484644 {\n  width: 100%;\n}\n<\/style>\n\t<\/div>\n\t\n\n\t<div class=\"img has-hover x md-x lg-x y md-y lg-y\" id=\"image_734145016\">\n\t\t\t\t\t\t\t\t<div class=\"img-inner box-shadow-2 dark\" >\n\t\t\t\t\t\t\t\t\t\n\t\t\t\t\t<\/div>\n\t\t\t\t\t\t\t\t\n<style>\n#image_734145016 {\n  width: 100%;\n}\n<\/style>\n\t<\/div>\n\t\n\n\n\t\t<\/div>\n\t\t\t\t\t<\/div>\n\n\t\n\n\t<div id=\"col-87774662\" class=\"col medium-6 small-12 large-6\"  >\n\t\t\t\t<div class=\"col-inner text-left\"  >\n\t\t\t\n\t\t\t\n\n<h2 class=\"uppercase\"><strong>Drainage lymphatique<\/strong><\/h2>\n<p>Le drainage lymphatique est destin\u00e9 \u00e0 :<\/p>\n<p>-Att\u00e9nuer la sensation de gonflement et lourdeur sur les jambes et les chevilles.<br \/>-L\u2019\u00e9limination des toxines et des catabolites intertitres.<br \/>-Le rel\u00e2chement musculaire.<br \/>-La r\u00e9activation de la circulation veineuse et lymphatique.<br \/>-Le drainage du liquide interstitiel en exc\u00e8s.<br \/>-L\u2019\u00e9limination de l\u2019\u0153d\u00e8me en emp\u00eachant l\u2019\u00e9volution de la fibrose.<br \/>-La fourniture d\u2019oxyg\u00e8ne et de nutriments aux cellules.<br \/>-L\u2019am\u00e9lioration du tropisme tissulaire.<br \/>-La force et protection contre les agents microbiens.<br \/>-L\u2019am\u00e9lioration esth\u00e9tique de la peau avec plus d\u2019\u00e9lasticit\u00e9, d\u2019 \u00e9clat, de tonus et de fermet\u00e9.<br \/>-Le traitement et la pr\u00e9vention de la cellulite.<\/p>\n\n\t\t<\/div>\n\t\t\t\t\t<\/div>\n\n\t\n\n<\/div>\n\n\t\t<\/div>\n\n\t\t\n<style>\n#section_97146204 {\n  padding-top: 60px;\n  padding-bottom: 60px;\n  background-color: rgb(193, 193, 193);\n}\n#section_97146204 .section-bg-overlay {\n  background-color: rgba(255, 255, 255, 0.85);\n}\n<\/style>\n\t<\/section>\n\t\n\t<section class=\"section\" id=\"section_266272993\">\n\t\t<div class=\"bg section-bg fill bg-fill  bg-loaded\" >\n\n\t\t\t\n\t\t\t<div class=\"section-bg-overlay absolute fill\"><\/div>\n\t\t\t\n\n\t\t<\/div>\n\n\t\t<div class=\"section-content relative\">\n\t\t\t\n\n<div class=\"row row-large align-middle\"  id=\"row-129306232\">\n\n\n\t<div id=\"col-1084356192\" class=\"col medium-6 small-12 large-6\"  >\n\t\t\t\t<div class=\"col-inner text-left\"  >\n\t\t\t\n\t\t\t\n\n<h2 class=\"uppercase\"><strong>Massage relaxant<\/strong><\/h2>\n<p>Le massage relaxant est indispensable pour retrouver la sant\u00e9 et la conserver gr\u00e2ce \u00e0 sa th\u00e9rapie naturelle pour soulager les maux de vie quotidienne.<\/p>\n<p>Ces effets physiques et psychologiques sont reconnus depuis l\u2019antiquit\u00e9:<br \/>-Le stress s\u2019apaise et s\u2019endort sous le rythme des pressions.<br \/>-Laisse place \u00e0 une respiration plus ample.<br \/>-Stimule les intestins plus de stress faisant obstacle \u00e0 la digestion.<br \/>-Provoque du plaisir sous formes d\u2019agr\u00e9ables sensations.<br \/>-Lib\u00e8re les tensions due aux \u00e9motions pour les convertir en \u00e9nergie.<br \/>-Le massage du cou r\u00e9duit la tension nerveuse et \u00e9quilibre les battements cardiaques.<br \/>-Les muscles se contractent avec moins d\u2019effort et de mani\u00e8re coordonn\u00e9e<strong>.<\/strong><\/p>\n\n\t\t<\/div>\n\t\t\t\t\t<\/div>\n\n\t\n\n\t<div id=\"col-1842091140\" class=\"col medium-6 small-12 large-6\"  >\n\t\t\t\t<div class=\"col-inner\"  >\n\t\t\t\n\t\t\t\n\n\t<div class=\"img has-hover x md-x lg-x y md-y lg-y\" id=\"image_1667955701\">\n\t\t\t\t\t\t\t\t<div class=\"img-inner box-shadow-2 dark\" >\n\t\t\t\t\t\t\t\t\t\n\t\t\t\t\t<\/div>\n\t\t\t\t\t\t\t\t\n<style>\n#image_1667955701 {\n  width: 100%;\n}\n<\/style>\n\t<\/div>\n\t\n\n\t<div class=\"img has-hover x md-x lg-x y md-y lg-y\" id=\"image_1519445365\">\n\t\t\t\t\t\t\t\t<div class=\"img-inner dark\" >\n\t\t\t<img loading=\"lazy\" decoding=\"async\" width=\"600\" height=\"395\" src=\"https:\/\/finetech.ma\/wp-content\/uploads\/2021\/12\/soin-visage-615x405-1-600x395-1.jpg\" class=\"attachment-large size-large\" alt=\"\" srcset=\"https:\/\/finetech.ma\/wp-content\/uploads\/2021\/12\/soin-visage-615x405-1-600x395-1.jpg 600w, https:\/\/finetech.ma\/wp-content\/uploads\/2021\/12\/soin-visage-615x405-1-600x395-1-300x198.jpg 300w\" sizes=\"auto, (max-width: 600px) 100vw, 600px\" \/>\t\t\t\t\t\t\n\t\t\t\t\t<\/div>\n\t\t\t\t\t\t\t\t\n<style>\n#image_1519445365 {\n  width: 100%;\n}\n<\/style>\n\t<\/div>\n\t\n\n\n\t\t<\/div>\n\t\t\t\t\t<\/div>\n\n\t\n\n<\/div>\n\n\t\t<\/div>\n\n\t\t\n<style>\n#section_266272993 {\n  padding-top: 60px;\n  padding-bottom: 60px;\n  background-color: rgb(255, 255, 255);\n}\n#section_266272993 .section-bg-overlay {\n  background-color: rgba(255, 255, 255, 0.85);\n}\n<\/style>\n\t<\/section>\n\t\n\n","protected":false},"excerpt":{"rendered":"","protected":false},"author":1,"featured_media":0,"parent":0,"menu_order":0,"comment_status":"closed","ping_status":"closed","template":"page-blank.php","meta":{"footnotes":""},"class_list":["post-119","page","type-page","status-publish","hentry"],"_links":{"self":[{"href":"https:\/\/finetech.ma\/index.php?rest_route=\/wp\/v2\/pages\/119","targetHints":{"allow":["GET"]}}],"collection":[{"href":"https:\/\/finetech.ma\/index.php?rest_route=\/wp\/v2\/pages"}],"about":[{"href":"https:\/\/finetech.ma\/index.php?rest_route=\/wp\/v2\/types\/page"}],"author":[{"embeddable":true,"href":"https:\/\/finetech.ma\/index.php?rest_route=\/wp\/v2\/users\/1"}],"replies":[{"embeddable":true,"href":"https:\/\/finetech.ma\/index.php?rest_route=%2Fwp%2Fv2%2Fcomments&post=119"}],"version-history":[{"count":4,"href":"https:\/\/finetech.ma\/index.php?rest_route=\/wp\/v2\/pages\/119\/revisions"}],"predecessor-version":[{"id":164,"href":"https:\/\/finetech.ma\/index.php?rest_route=\/wp\/v2\/pages\/119\/revisions\/164"}],"wp:attachment":[{"href":"https:\/\/finetech.ma\/index.php?rest_route=%2Fwp%2Fv2%2Fmedia&parent=119"}],"curies":[{"name":"wp","href":"https:\/\/api.w.org\/{rel}","templated":true}]}}