{"id":14,"date":"2021-11-30T10:34:32","date_gmt":"2021-11-30T10:34:32","guid":{"rendered":"https:\/\/finetech.ma\/?page_id=14"},"modified":"2023-01-01T12:40:43","modified_gmt":"2023-01-01T12:40:43","slug":"14-2","status":"publish","type":"page","link":"https:\/\/finetech.ma\/","title":{"rendered":"Home"},"content":{"rendered":"\n<div class=\"slider-wrapper relative\" id=\"slider-1388677689\" >\n    <div class=\"slider slider-nav-circle slider-nav-large slider-nav-light slider-style-normal\"\n        data-flickity-options='{\n            \"cellAlign\": \"center\",\n            \"imagesLoaded\": true,\n            \"lazyLoad\": 1,\n            \"freeScroll\": false,\n            \"wrapAround\": true,\n            \"autoPlay\": 6000,\n            \"pauseAutoPlayOnHover\" : true,\n            \"prevNextButtons\": true,\n            \"contain\" : true,\n            \"adaptiveHeight\" : true,\n            \"dragThreshold\" : 10,\n            \"percentPosition\": true,\n            \"pageDots\": true,\n            \"rightToLeft\": false,\n            \"draggable\": true,\n            \"selectedAttraction\": 0.1,\n            \"parallax\" : 0,\n            \"friction\": 0.6        }'\n        >\n        \n\n\n  <div class=\"banner has-hover is-full-height\" id=\"banner-227534293\">\n          <div class=\"banner-inner fill\">\n        <div class=\"banner-bg fill\" >\n            <div class=\"bg fill bg-fill \"><\/div>\n                                    \n                    <\/div>\n        <div class=\"banner-layers container\">\n            <div class=\"fill banner-link\"><\/div>            \n\n   <div id=\"text-box-1919592710\" class=\"text-box banner-layer x50 md-x0 lg-x0 y50 md-y50 lg-y50 res-text\">\n              <div data-parallax=\"-1\" data-parallax-fade=\"true\">       <div data-animate=\"bounceIn\">           <div class=\"text-box-content text dark\">\n              \n              <div class=\"text-inner text-center\">\n                  \n\n\t<div id=\"text-407046818\" class=\"text\">\n\t\t\n\n<p class=\"alt-font\"><span style=\"font-size: 160%; color: #ffffff;\">Finetech<\/span><\/p>\n<h2 class=\"qrShPb kno-ecr-pt PZPZlf mfMhoc PPT5v hNKfZe fusion-responsive-typography-calculated\" data-dtype=\"d3ifr\" data-local-attribute=\"d3bn\" data-attrid=\"title\" data-ved=\"2ahUKEwi7ycfo1vjwAhUjh_0HHUztC6wQ3B0oATAAegQIDxAC\" data-fontsize=\"48\" data-lineheight=\"57.6px\"><span style=\"color: #ffffff;\">Centre de mise en forme, beaut\u00e9 et bien \u00eatre<\/span><\/h2>\n\t\t\n<style>\n#text-407046818 {\n  text-align: center;\n}\n<\/style>\n\t<\/div>\n\t\n\n              <\/div>\n           <\/div>\n       <\/div>       <\/div>              \n<style>\n#text-box-1919592710 {\n  width: 80%;\n}\n#text-box-1919592710 .text-box-content {\n  font-size: 100%;\n}\n@media (min-width:550px) {\n  #text-box-1919592710 {\n    width: 38%;\n  }\n}\n<\/style>\n    <\/div>\n \n\n        <\/div>\n      <\/div>\n\n            \n<style>\n#banner-227534293 {\n  padding-top: 100%;\n}\n#banner-227534293 .bg.bg-loaded {\n  background-image: url(https:\/\/finetech.ma\/wp-content\/uploads\/2021\/12\/beauty-model-with-perfect-makeup-2021-08-30-10-26-14-utc-scaled.jpg);\n}\n#banner-227534293 .bg {\n  background-position: 68% 27%;\n}\n<\/style>\n  <\/div>\n\n\n\n     <\/div>\n\n     <div class=\"loading-spin dark large centered\"><\/div>\n\n     \t<\/div>\n\n\n<div class=\"row align-center\"  id=\"row-111037399\">\n\n\n\t<div id=\"col-390804074\" class=\"col small-12 large-12\"  >\n\t\t\t\t<div class=\"col-inner text-center\"  >\n\t\t\t\n\t\t\t\n\n<div class=\"container section-title-container\" ><h3 class=\"section-title section-title-center\"><b><\/b><span class=\"section-title-main\" style=\"color:rgb(11, 0, 0);\">Fine Tech<\/span><b><\/b><\/h3><\/div>\n\n\t<div id=\"text-658123744\" class=\"text\">\n\t\t\n\n<p>Nous avons le plaisir de vous accueillir au sein de notre centre Fine tech avec finesse et technologie, nous sommes un univers d\u00e9di\u00e9 au Bien-\u00eatre et \u00e0 la Beaut\u00e9, amincissement, rajeunissement, \u00e9pilation d\u00e9finitive et un suivi coaching gestion du poids.<\/p>\n<p>On vous propose une panoplie de soins avec une combinaison de diverses technologies certifi\u00e9es et adapt\u00e9es \u00e0 chaque personne, avec une \u00e9quipe comp\u00e9tente et chaleureuse.<\/p>\n<p>Notre devise est de vous accompagner, de vous soutenir et d\u2019\u00e9liminer les obstacles (Stress, Coups de fatigue, Soucis\u2026), qui se dressent \u00e0 travers votre route, et ceci, sans rigidit\u00e9.<\/p>\n<p>Notre adage \u00abIl n\u2019est pas possible de recommencer sa vie, mais il est possible de la poursuivre diff\u00e9remment, avec un esprit sain dans un corps sain\u00bb.<\/p>\n<p>Vous pouvez vous donner le temps de prendre soin de soi pour se restaurer, se respecter et s\u2019aimer pour pouvoir donner en \u00e9change.<\/p>\n<p>Tout commence par vous, c\u2019est la cl\u00e9 du changement.<\/p>\n\t\t\n<style>\n#text-658123744 {\n  text-align: center;\n  color: rgb(0,0,0);\n}\n#text-658123744 > * {\n  color: rgb(0,0,0);\n}\n<\/style>\n\t<\/div>\n\t\n<div class=\"container section-title-container\" ><h3 class=\"section-title section-title-center\"><b><\/b><span class=\"section-title-main\" style=\"color:rgb(0, 0, 0);\">Mot de la fondatrice<\/span><b><\/b><\/h3><\/div>\n\n\t<div id=\"text-3819318839\" class=\"text\">\n\t\t\n\n<p>Depuis plusieurs ann\u00e9es, je ch\u00e9ris au fond de moi, le r\u00eave d\u2019un centre de Bien-\u00eatre, o\u00f9 la priorit\u00e9 est de s\u2019autoriser \u00e0 prendre du temps pour soi et d\u2019op\u00e9rer le changement apr\u00e8s l\u00b4avoir v\u00e9cu.<\/p>\n<p>Je veux voir le bonheur et la joie de vivre sur toutes les femmes et qu\u2019elles retrouvent une sant\u00e9 optimale avec un \u00e9panouissement g\u00e9n\u00e9ral.<\/p>\n<p style=\"text-align: right;\"><span style=\"font-size: 90%;\"><strong><u>San\u00e2a BENABDELLAH<\/u><\/strong><\/span><\/p>\n<p style=\"text-align: right;\"><span style=\"font-size: 90%;\"><strong><u>Coach gestion du poids<\/u><\/strong><\/span><\/p>\n\t\t\n<style>\n#text-3819318839 {\n  font-size: 1rem;\n  line-height: 1.95;\n  text-align: center;\n  color: rgb(0,0,0);\n}\n#text-3819318839 > * {\n  color: rgb(0,0,0);\n}\n<\/style>\n\t<\/div>\n\t\n\n\t\t<\/div>\n\t\t\t\t\n<style>\n#col-390804074 > .col-inner {\n  padding: 40px 0px 0px 0px;\n}\n<\/style>\n\t<\/div>\n\n\t\n\n<\/div>\n<div class=\"container section-title-container\" ><h3 class=\"section-title section-title-center\"><b><\/b><span class=\"section-title-main\" style=\"color:rgb(0, 0, 0);\">nOS SERVICES<\/span><b><\/b><\/h3><\/div>\n\n<div class=\"row row-collapse row-full-width\"  id=\"row-1424068018\">\n\n\n\t<div id=\"col-1474856329\" class=\"col medium-3 small-12 large-3\"  >\n\t\t\t\t<div class=\"col-inner\"  >\n\t\t\t\n\t\t\t\n\n<div class=\"container section-title-container\" ><h4 class=\"section-title section-title-center\"><b><\/b><span class=\"section-title-main\" >gestion du poids<\/span><b><\/b><\/h4><\/div>\n\n\n  <div class=\"banner has-hover bg-zoom-fade\" id=\"banner-1958302258\">\n          <div class=\"banner-inner fill\">\n        <div class=\"banner-bg fill\" >\n            <div class=\"bg fill bg-fill \"><\/div>\n                                    \n                    <\/div>\n        <div class=\"banner-layers container\">\n            <div class=\"fill banner-link\"><\/div>            \n\n\n        <\/div>\n      <\/div>\n\n            \n<style>\n#banner-1958302258 {\n  padding-top: 480px;\n}\n#banner-1958302258 .bg.bg-loaded {\n  background-image: url(https:\/\/finetech.ma\/wp-content\/uploads\/2021\/12\/woman-measuring-body-weight-on-weighing-scale-at-h-2021-09-02-10-36-29-utc.jpg);\n}\n#banner-1958302258 .bg {\n  background-position: 42% 18%;\n}\n@media (min-width:550px) {\n  #banner-1958302258 {\n    padding-top: 420px;\n  }\n}\n<\/style>\n  <\/div>\n\n\n\n\t\t<\/div>\n\t\t\t\t\t<\/div>\n\n\t\n\n\t<div id=\"col-1799514015\" class=\"col medium-3 small-12 large-3\"  >\n\t\t\t\t<div class=\"col-inner\"  >\n\t\t\t\n\t\t\t\n\n<div class=\"container section-title-container\" ><h4 class=\"section-title section-title-center\"><b><\/b><span class=\"section-title-main\" >Amincissement<\/span><b><\/b><\/h4><\/div>\n\n\n  <div class=\"banner has-hover bg-zoom-fade\" id=\"banner-275644477\">\n          <div class=\"banner-inner fill\">\n        <div class=\"banner-bg fill\" >\n            <div class=\"bg fill bg-fill \"><\/div>\n                                    \n                    <\/div>\n        <div class=\"banner-layers container\">\n            <div class=\"fill banner-link\"><\/div>            \n\n\n        <\/div>\n      <\/div>\n\n            \n<style>\n#banner-275644477 {\n  padding-top: 480px;\n}\n#banner-275644477 .bg.bg-loaded {\n  background-image: url(https:\/\/finetech.ma\/wp-content\/uploads\/2021\/12\/happy-girl-is-weighed-on-the-scales-at-home-the-j-2021-11-30-19-45-41-utc.jpg);\n}\n#banner-275644477 .bg {\n  background-position: 50% 57%;\n}\n@media (min-width:550px) {\n  #banner-275644477 {\n    padding-top: 420px;\n  }\n}\n<\/style>\n  <\/div>\n\n\n\n\t\t<\/div>\n\t\t\t\t\t<\/div>\n\n\t\n\n\t<div id=\"col-1632331837\" class=\"col medium-3 small-12 large-3\"  >\n\t\t\t\t<div class=\"col-inner\"  >\n\t\t\t\n\t\t\t\n\n<div class=\"container section-title-container\" ><h4 class=\"section-title section-title-center\"><b><\/b><span class=\"section-title-main\" >\u00c9pilation d\u00e9finitive<\/span><b><\/b><\/h4><\/div>\n\n\n  <div class=\"banner has-hover bg-zoom-fade\" id=\"banner-333907888\">\n          <div class=\"banner-inner fill\">\n        <div class=\"banner-bg fill\" >\n            <div class=\"bg fill bg-fill \"><\/div>\n                                    \n                    <\/div>\n        <div class=\"banner-layers container\">\n            <div class=\"fill banner-link\"><\/div>            \n\n\n        <\/div>\n      <\/div>\n\n            \n<style>\n#banner-333907888 {\n  padding-top: 480px;\n}\n#banner-333907888 .bg.bg-loaded {\n  background-image: url(https:\/\/finetech.ma\/wp-content\/uploads\/2021\/11\/young-hair-removal-therapist-in-coat-with-laser-ep-ULL3YZY-2-400x458-1.jpg);\n}\n#banner-333907888 .bg {\n  background-position: 31% 0%;\n}\n@media (min-width:550px) {\n  #banner-333907888 {\n    padding-top: 420px;\n  }\n}\n<\/style>\n  <\/div>\n\n\n\n\t\t<\/div>\n\t\t\t\t\t<\/div>\n\n\t\n\n\t<div id=\"col-216509606\" class=\"col medium-3 small-12 large-3\"  >\n\t\t\t\t<div class=\"col-inner\"  >\n\t\t\t\n\t\t\t\n\n<div class=\"container section-title-container\" ><h4 class=\"section-title section-title-center\"><b><\/b><span class=\"section-title-main\" >Soin de visage<\/span><b><\/b><\/h4><\/div>\n\n\n  <div class=\"banner has-hover bg-zoom-fade\" id=\"banner-2012096591\">\n          <div class=\"banner-inner fill\">\n        <div class=\"banner-bg fill\" >\n            <div class=\"bg fill bg-fill \"><\/div>\n                                    \n                    <\/div>\n        <div class=\"banner-layers container\">\n            <div class=\"fill banner-link\"><\/div>            \n\n\n        <\/div>\n      <\/div>\n\n            \n<style>\n#banner-2012096591 {\n  padding-top: 480px;\n}\n#banner-2012096591 .bg.bg-loaded {\n  background-image: url(https:\/\/finetech.ma\/wp-content\/uploads\/2021\/11\/cosmetician-making-ultrasonic-face-cleaning-S7ERVRH-1-400x458-1.jpg);\n}\n#banner-2012096591 .bg {\n  background-position: 31% 0%;\n}\n@media (min-width:550px) {\n  #banner-2012096591 {\n    padding-top: 420px;\n  }\n}\n<\/style>\n  <\/div>\n\n\n\n\t\t<\/div>\n\t\t\t\t\t<\/div>\n\n\t\n\n<\/div>\n\n","protected":false},"excerpt":{"rendered":"","protected":false},"author":1,"featured_media":0,"parent":0,"menu_order":0,"comment_status":"closed","ping_status":"closed","template":"page-transparent-header-light.php","meta":{"footnotes":""},"class_list":["post-14","page","type-page","status-publish","hentry"],"_links":{"self":[{"href":"https:\/\/finetech.ma\/index.php?rest_route=\/wp\/v2\/pages\/14","targetHints":{"allow":["GET"]}}],"collection":[{"href":"https:\/\/finetech.ma\/index.php?rest_route=\/wp\/v2\/pages"}],"about":[{"href":"https:\/\/finetech.ma\/index.php?rest_route=\/wp\/v2\/types\/page"}],"author":[{"embeddable":true,"href":"https:\/\/finetech.ma\/index.php?rest_route=\/wp\/v2\/users\/1"}],"replies":[{"embeddable":true,"href":"https:\/\/finetech.ma\/index.php?rest_route=%2Fwp%2Fv2%2Fcomments&post=14"}],"version-history":[{"count":42,"href":"https:\/\/finetech.ma\/index.php?rest_route=\/wp\/v2\/pages\/14\/revisions"}],"predecessor-version":[{"id":155,"href":"https:\/\/finetech.ma\/index.php?rest_route=\/wp\/v2\/pages\/14\/revisions\/155"}],"wp:attachment":[{"href":"https:\/\/finetech.ma\/index.php?rest_route=%2Fwp%2Fv2%2Fmedia&parent=14"}],"curies":[{"name":"wp","href":"https:\/\/api.w.org\/{rel}","templated":true}]}}