{"id":85,"date":"2021-12-14T08:47:09","date_gmt":"2021-12-14T08:47:09","guid":{"rendered":"https:\/\/finetech.ma\/?page_id=85"},"modified":"2023-01-01T12:59:43","modified_gmt":"2023-01-01T12:59:43","slug":"amincissement","status":"publish","type":"page","link":"https:\/\/finetech.ma\/?page_id=85","title":{"rendered":"Amincissement"},"content":{"rendered":"\n\t<section class=\"section\" id=\"section_25315566\">\n\t\t<div class=\"bg section-bg fill bg-fill  bg-loaded\" >\n\n\t\t\t\n\t\t\t<div class=\"section-bg-overlay absolute fill\"><\/div>\n\t\t\t\n\t<div class=\"is-border\"\n\t\tstyle=\"border-width:1px 0px 1px 0px;\">\n\t<\/div>\n\n\t\t<\/div>\n\n\t\t<div class=\"section-content relative\">\n\t\t\t\n\n<div class=\"row row-large align-middle\"  id=\"row-1938025495\">\n\n\n\t<div id=\"col-1081470659\" class=\"col medium-6 small-12 large-6\"  >\n\t\t\t\t<div class=\"col-inner\"  >\n\t\t\t\n\t\t\t\n\n\t<div class=\"img has-hover x md-x lg-x y md-y lg-y\" id=\"image_101236486\">\n\t\t\t\t\t\t\t\t<div class=\"img-inner dark\" >\n\t\t\t<img loading=\"lazy\" decoding=\"async\" width=\"600\" height=\"341\" src=\"https:\/\/finetech.ma\/wp-content\/uploads\/2023\/01\/s21-600x341-1-removebg-preview.png\" class=\"attachment-large size-large\" alt=\"\" srcset=\"https:\/\/finetech.ma\/wp-content\/uploads\/2023\/01\/s21-600x341-1-removebg-preview.png 600w, https:\/\/finetech.ma\/wp-content\/uploads\/2023\/01\/s21-600x341-1-removebg-preview-300x171.png 300w\" sizes=\"auto, (max-width: 600px) 100vw, 600px\" \/>\t\t\t\t\t\t\n\t\t\t\t\t<\/div>\n\t\t\t\t\t\t\t\t\n<style>\n#image_101236486 {\n  width: 100%;\n}\n<\/style>\n\t<\/div>\n\t\n\n\t<div class=\"img has-hover x md-x lg-x y md-y lg-y\" id=\"image_1631277538\">\n\t\t\t\t\t\t\t\t<div class=\"img-inner box-shadow-2 dark\" >\n\t\t\t\t\t\t\t\t\t\n\t\t\t\t\t<\/div>\n\t\t\t\t\t\t\t\t\n<style>\n#image_1631277538 {\n  width: 100%;\n}\n<\/style>\n\t<\/div>\n\t\n\n\n\t\t<\/div>\n\t\t\t\t\t<\/div>\n\n\t\n\n\t<div id=\"col-1922120223\" class=\"col medium-6 small-12 large-6\"  >\n\t\t\t\t<div class=\"col-inner text-left\"  >\n\t\t\t\n\t\t\t\n\n<h2 class=\"uppercase\"><strong>Chromo ios21<\/strong><\/h2>\n<p><span style=\"font-size: 90%;\">Chromo ios 21 fonctionne en utilisant le spectre de la lumi\u00e8re visible. Chaque couleur correspond \u00e0 une longueur d\u2019onde permettant de traiter des probl\u00e8mes sp\u00e9cifiques du corps et de l\u2019esprit.<\/span><\/p>\n<p><span style=\"font-size: 90%;\">La chromoth\u00e9rapie contribue aux traitements sur :<\/span><\/p>\n<p><span style=\"font-size: 90%;\"><em>Le corps physique :<\/em><\/span><\/p>\n<ul>\n<li><span style=\"font-size: 90%;\">Vergetures anciennes ou nouvelles<\/span><\/li>\n<li><span style=\"font-size: 90%;\">Graisse<\/span><\/li>\n<li><span style=\"font-size: 90%;\">Rel\u00e2chement<\/span><\/li>\n<li><span style=\"font-size: 90%;\">Raffermissement<\/span><\/li>\n<li><span style=\"font-size: 90%;\">Probl\u00e8mes musculaires<\/span><\/li>\n<li><span style=\"font-size: 90%;\">Cellulites<\/span><\/li>\n<li><span style=\"font-size: 90%;\">R\u00e9tention d\u2019eau<\/span><\/li>\n<li><span style=\"font-size: 90%;\">Varicosit\u00e9s<\/span><\/li>\n<li><span style=\"font-size: 90%;\">Cicatrices<\/span><\/li>\n<\/ul>\n<p><span style=\"font-size: 90%;\"><em>Le corps \u00e9nerg\u00e9tique :<\/em><\/span><\/p>\n<ul>\n<li><span style=\"font-size: 90%;\">Instabilit\u00e9 d\u2019humeur et irritabilit\u00e9<\/span><\/li>\n<li><span style=\"font-size: 90%;\">Baisse d\u2019\u00e9nergie, fatigue<\/span><\/li>\n<li><span style=\"font-size: 90%;\">D\u00e9r\u00e8glement des cycles veille-sommeil<\/span><\/li>\n<li><span style=\"font-size: 90%;\">Troubles de l\u2019attention ou bien d\u2019autres \u2026.<\/span><\/li>\n<\/ul>\n<p><span style=\"font-size: 90%;\"><em>Le corps psychologique :<\/em><\/span><\/p>\n<ul>\n<li><span style=\"font-size: 90%;\">D\u00e9pression<\/span><\/li>\n<li><span style=\"font-size: 90%;\">Manque de concentration<\/span><\/li>\n<li><span style=\"font-size: 90%;\">Boulimie et anorexie<\/span><\/li>\n<\/ul>\n\n\t\t<\/div>\n\t\t\t\t\t<\/div>\n\n\t\n\n<\/div>\n\n\t\t<\/div>\n\n\t\t\n<style>\n#section_25315566 {\n  padding-top: 60px;\n  padding-bottom: 60px;\n  background-color: rgb(193, 193, 193);\n}\n#section_25315566 .section-bg-overlay {\n  background-color: rgba(255, 255, 255, 0.85);\n}\n<\/style>\n\t<\/section>\n\t\n\t<section class=\"section\" id=\"section_918764967\">\n\t\t<div class=\"bg section-bg fill bg-fill  bg-loaded\" >\n\n\t\t\t\n\t\t\t<div class=\"section-bg-overlay absolute fill\"><\/div>\n\t\t\t\n\n\t\t<\/div>\n\n\t\t<div class=\"section-content relative\">\n\t\t\t\n\n<div class=\"row row-large align-middle\"  id=\"row-849608916\">\n\n\n\t<div id=\"col-1686448647\" class=\"col medium-6 small-12 large-6\"  >\n\t\t\t\t<div class=\"col-inner text-left\"  >\n\t\t\t\n\t\t\t\n\n<h2 class=\"uppercase\"><strong>Cryo21<\/strong><\/h2>\n<p>La cryo 21 le traitement r\u00e9volutionnaire sans aspiration, une alternative \u00e0 la liposuccion. Elle a plusieurs effets sur le corps :<\/p>\n<ul>\n<li>Acc\u00e9l\u00e8re la circulations sanguine, suivi de l\u2019\u00e9limination des toxines et d\u2019une grande consommation de calories.<\/li>\n<li>Elimination de la cellulite localis\u00e9e.<\/li>\n<li>Diminutions des cellules graisseuses.<\/li>\n<li>Drainage lymphatique.<\/li>\n<li>Tonification et raffermissement musculaire.<\/li>\n<li>Remodelage et amincissement du corps<\/li>\n<\/ul>\n\n\t\t<\/div>\n\t\t\t\t\t<\/div>\n\n\t\n\n\t<div id=\"col-1646888702\" class=\"col medium-6 small-12 large-6\"  >\n\t\t\t\t<div class=\"col-inner\"  >\n\t\t\t\n\t\t\t\n\n\t<div class=\"img has-hover x md-x lg-x y md-y lg-y\" id=\"image_128488700\">\n\t\t\t\t\t\t\t\t<div class=\"img-inner dark\" >\n\t\t\t<img loading=\"lazy\" decoding=\"async\" width=\"560\" height=\"560\" src=\"https:\/\/finetech.ma\/wp-content\/uploads\/2021\/12\/cryo21.jpg\" class=\"attachment-large size-large\" alt=\"\" srcset=\"https:\/\/finetech.ma\/wp-content\/uploads\/2021\/12\/cryo21.jpg 560w, https:\/\/finetech.ma\/wp-content\/uploads\/2021\/12\/cryo21-300x300.jpg 300w, https:\/\/finetech.ma\/wp-content\/uploads\/2021\/12\/cryo21-150x150.jpg 150w\" sizes=\"auto, (max-width: 560px) 100vw, 560px\" \/>\t\t\t\t\t\t\n\t\t\t\t\t<\/div>\n\t\t\t\t\t\t\t\t\n<style>\n#image_128488700 {\n  width: 100%;\n}\n<\/style>\n\t<\/div>\n\t\n\n\t<div class=\"img has-hover x md-x lg-x y md-y lg-y\" id=\"image_600479552\">\n\t\t\t\t\t\t\t\t<div class=\"img-inner box-shadow-2 dark\" >\n\t\t\t\t\t\t\t\t\t\n\t\t\t\t\t<\/div>\n\t\t\t\t\t\t\t\t\n<style>\n#image_600479552 {\n  width: 100%;\n}\n<\/style>\n\t<\/div>\n\t\n\n\n\t\t<\/div>\n\t\t\t\t\t<\/div>\n\n\t\n\n<\/div>\n\n\t\t<\/div>\n\n\t\t\n<style>\n#section_918764967 {\n  padding-top: 60px;\n  padding-bottom: 60px;\n  background-color: rgb(255, 255, 255);\n}\n#section_918764967 .section-bg-overlay {\n  background-color: rgba(255, 255, 255, 0.85);\n}\n<\/style>\n\t<\/section>\n\t\n\t<section class=\"section\" id=\"section_383468845\">\n\t\t<div class=\"bg section-bg fill bg-fill  bg-loaded\" >\n\n\t\t\t\n\t\t\t<div class=\"section-bg-overlay absolute fill\"><\/div>\n\t\t\t\n\t<div class=\"is-border\"\n\t\tstyle=\"border-width:1px 0px 1px 0px;\">\n\t<\/div>\n\n\t\t<\/div>\n\n\t\t<div class=\"section-content relative\">\n\t\t\t\n\n<div class=\"row row-large align-middle\"  id=\"row-492446912\">\n\n\n\t<div id=\"col-1306441365\" class=\"col medium-6 small-12 large-6\"  >\n\t\t\t\t<div class=\"col-inner\"  >\n\t\t\t\n\t\t\t\n\n<div class=\"video video-fit mb\" style=\"padding-top:56.25%;\"><div style=\"width: 640px;\" class=\"wp-video\"><video class=\"wp-video-shortcode\" id=\"video-85-1\" width=\"640\" height=\"360\" preload=\"metadata\" controls=\"controls\"><source type=\"video\/mp4\" src=\"https:\/\/finetech.ma\/wp-content\/uploads\/2021\/12\/imotion.mp4?_=1\" \/><a href=\"https:\/\/finetech.ma\/wp-content\/uploads\/2021\/12\/imotion.mp4\">https:\/\/finetech.ma\/wp-content\/uploads\/2021\/12\/imotion.mp4<\/a><\/video><\/div><\/div>\n\n\t<div class=\"img has-hover x md-x lg-x y md-y lg-y\" id=\"image_289785663\">\n\t\t\t\t\t\t\t\t<div class=\"img-inner box-shadow-2 dark\" >\n\t\t\t\t\t\t\t\t\t\n\t\t\t\t\t<\/div>\n\t\t\t\t\t\t\t\t\n<style>\n#image_289785663 {\n  width: 100%;\n}\n<\/style>\n\t<\/div>\n\t\n\n\n\t\t<\/div>\n\t\t\t\t\t<\/div>\n\n\t\n\n\t<div id=\"col-6068467\" class=\"col medium-6 small-12 large-6\"  >\n\t\t\t\t<div class=\"col-inner text-left\"  >\n\t\t\t\n\t\t\t\n\n<h2 class=\"uppercase\"><strong>I-motion EMS<\/strong><\/h2>\n<ul>\n<li>L\u2019\u00e9lectrofitness combine les b\u00e9n\u00e9fices d\u2019un entra\u00eenement conventionnel associ\u00e9s aux courants d\u2019\u00e9lectrostimulation musculaire (EMS).<\/li>\n<li>R\u00e9aliser un entrainement tr\u00e8s intense seulement en 20 minutes.<\/li>\n<li>Permet de construire la force et l\u2019endurance, r\u00e9duit la graisse et la tension musculaire, augmente la r\u00e9sistance, tonifie le corps, permet le renforcement musculaire, am\u00e9liore la posture et r\u00e9duit les douleurs du dos.<\/li>\n<li>Augmente le m\u00e9tabolisme pendant plusieurs heures apr\u00e8s la s\u00e9ance et le corps br\u00fble les graisses tout en se musclant.<\/li>\n<\/ul>\n\n\t\t<\/div>\n\t\t\t\t\t<\/div>\n\n\t\n\n<\/div>\n\n\t\t<\/div>\n\n\t\t\n<style>\n#section_383468845 {\n  padding-top: 60px;\n  padding-bottom: 60px;\n  background-color: rgb(193, 193, 193);\n}\n#section_383468845 .section-bg-overlay {\n  background-color: rgba(255, 255, 255, 0.85);\n}\n<\/style>\n\t<\/section>\n\t\n\t<section class=\"section\" id=\"section_1208827256\">\n\t\t<div class=\"bg section-bg fill bg-fill  bg-loaded\" >\n\n\t\t\t\n\t\t\t<div class=\"section-bg-overlay absolute fill\"><\/div>\n\t\t\t\n\n\t\t<\/div>\n\n\t\t<div class=\"section-content relative\">\n\t\t\t\n\n<div class=\"row row-large align-middle\"  id=\"row-792470056\">\n\n\n\t<div id=\"col-1532425129\" class=\"col medium-6 small-12 large-6\"  >\n\t\t\t\t<div class=\"col-inner text-left\"  >\n\t\t\t\n\t\t\t\n\n<h2 class=\"uppercase\"><strong>Aquabike<\/strong><\/h2>\n<p>Alliant \u00e0 la fois un exercice de r\u00e9sistance en p\u00e9dalant, les effets des messages en drainage lymphatique via l\u2019eau, l\u2019Aquabike est un sport id\u00e9al\u00a0qui permet de\u00a0:<\/p>\n<ul>\n<li>Perdre du poids en br\u00fblant les calories.<\/li>\n<li>Muscler le bas du corps, fessier, jambes et cuisses.<\/li>\n<li>Rem\u00e9dier \u00e0 la cellulite et diminuer l\u2019aspect peau d\u2019orange.<\/li>\n<\/ul>\n<p>L\u2019Aquabike est un sport non traumatisant, pr\u00e9serve les articulations, il est conseill\u00e9 pour les femmes enceintes et les personnes atteintes de blessures musculaires.<\/p>\n<p>Faire du sport sans courbatures, pour avoir un c\u0153ur muscl\u00e9, et en bonne sant\u00e9 avec une bonne circulation sanguine tout en \u00e9liminant les toxines.<\/p>\n\n\t\t<\/div>\n\t\t\t\t\t<\/div>\n\n\t\n\n\t<div id=\"col-1238749384\" class=\"col medium-6 small-12 large-6\"  >\n\t\t\t\t<div class=\"col-inner\"  >\n\t\t\t\n\t\t\t\n\n\t<div class=\"img has-hover x md-x lg-x y md-y lg-y\" id=\"image_840275701\">\n\t\t\t\t\t\t\t\t<div class=\"img-inner dark\" >\n\t\t\t<img loading=\"lazy\" decoding=\"async\" width=\"600\" height=\"326\" src=\"https:\/\/finetech.ma\/wp-content\/uploads\/2021\/12\/Aquabike-600x326-1.jpeg\" class=\"attachment-large size-large\" alt=\"\" srcset=\"https:\/\/finetech.ma\/wp-content\/uploads\/2021\/12\/Aquabike-600x326-1.jpeg 600w, https:\/\/finetech.ma\/wp-content\/uploads\/2021\/12\/Aquabike-600x326-1-300x163.jpeg 300w\" sizes=\"auto, (max-width: 600px) 100vw, 600px\" \/>\t\t\t\t\t\t\n\t\t\t\t\t<\/div>\n\t\t\t\t\t\t\t\t\n<style>\n#image_840275701 {\n  width: 100%;\n}\n<\/style>\n\t<\/div>\n\t\n\n\t<div class=\"img has-hover x md-x lg-x y md-y lg-y\" id=\"image_1540513040\">\n\t\t\t\t\t\t\t\t<div class=\"img-inner box-shadow-2 dark\" >\n\t\t\t\t\t\t\t\t\t\n\t\t\t\t\t<\/div>\n\t\t\t\t\t\t\t\t\n<style>\n#image_1540513040 {\n  width: 100%;\n}\n<\/style>\n\t<\/div>\n\t\n\n\n\t\t<\/div>\n\t\t\t\t\t<\/div>\n\n\t\n\n<\/div>\n\n\t\t<\/div>\n\n\t\t\n<style>\n#section_1208827256 {\n  padding-top: 60px;\n  padding-bottom: 60px;\n  background-color: rgb(255, 255, 255);\n}\n#section_1208827256 .section-bg-overlay {\n  background-color: rgba(255, 255, 255, 0.85);\n}\n<\/style>\n\t<\/section>\n\t\n\t<section class=\"section\" id=\"section_171970531\">\n\t\t<div class=\"bg section-bg fill bg-fill  bg-loaded\" >\n\n\t\t\t\n\t\t\t<div class=\"section-bg-overlay absolute fill\"><\/div>\n\t\t\t\n\t<div class=\"is-border\"\n\t\tstyle=\"border-width:1px 0px 1px 0px;\">\n\t<\/div>\n\n\t\t<\/div>\n\n\t\t<div class=\"section-content relative\">\n\t\t\t\n\n<div class=\"row row-large align-middle\"  id=\"row-1230021323\">\n\n\n\t<div id=\"col-220798190\" class=\"col medium-6 small-12 large-6\"  >\n\t\t\t\t<div class=\"col-inner\"  >\n\t\t\t\n\t\t\t\n\n\t<div class=\"img has-hover x md-x lg-x y md-y lg-y\" id=\"image_1062869021\">\n\t\t\t\t\t\t\t\t<div class=\"img-inner box-shadow-2 dark\" >\n\t\t\t\t\t\t\t\t\t\n\t\t\t\t\t<\/div>\n\t\t\t\t\t\t\t\t\n<style>\n#image_1062869021 {\n  width: 100%;\n}\n<\/style>\n\t<\/div>\n\t\n\n\t<div class=\"img has-hover x md-x lg-x y md-y lg-y\" id=\"image_1057802495\">\n\t\t\t\t\t\t\t\t<div class=\"img-inner dark\" >\n\t\t\t<img loading=\"lazy\" decoding=\"async\" width=\"600\" height=\"904\" src=\"https:\/\/finetech.ma\/wp-content\/uploads\/2021\/12\/LFC-600x904-1.jpeg\" class=\"attachment-large size-large\" alt=\"\" srcset=\"https:\/\/finetech.ma\/wp-content\/uploads\/2021\/12\/LFC-600x904-1.jpeg 600w, https:\/\/finetech.ma\/wp-content\/uploads\/2021\/12\/LFC-600x904-1-199x300.jpeg 199w\" sizes=\"auto, (max-width: 600px) 100vw, 600px\" \/>\t\t\t\t\t\t\n\t\t\t\t\t<\/div>\n\t\t\t\t\t\t\t\t\n<style>\n#image_1057802495 {\n  width: 100%;\n}\n<\/style>\n\t<\/div>\n\t\n\n\n\t\t<\/div>\n\t\t\t\t\t<\/div>\n\n\t\n\n\t<div id=\"col-23159730\" class=\"col medium-6 small-12 large-6\"  >\n\t\t\t\t<div class=\"col-inner text-left\"  >\n\t\t\t\n\t\t\t\n\n<h2 class=\"uppercase\"><strong>Lifting colombien<\/strong><\/h2>\n<p>L\u2019\u00e9lectrostimulation et le raffermissement \u00e0 100 %, comparable \u00e0 la m\u00e9thode Pilate c\u2019est un gainage musculaire complet pour redessiner et galber sans aspiration, sans h\u00e9matome et surtout sans douleurs.<\/p>\n<ul>\n<li>Il rehausse les fesses, stimule les muscles, casse les d\u00e9p\u00f4ts de cellulites et am\u00e9liore l\u2019\u00e9lasticit\u00e9 de la peau gr\u00e2ce \u00e0 la combinaison de la chromoth\u00e9rapie.<\/li>\n<\/ul>\n\n\t\t<\/div>\n\t\t\t\t\t<\/div>\n\n\t\n\n<\/div>\n\n\t\t<\/div>\n\n\t\t\n<style>\n#section_171970531 {\n  padding-top: 60px;\n  padding-bottom: 60px;\n  background-color: rgb(193, 193, 193);\n}\n#section_171970531 .section-bg-overlay {\n  background-color: rgba(255, 255, 255, 0.85);\n}\n<\/style>\n\t<\/section>\n\t\n\n","protected":false},"excerpt":{"rendered":"","protected":false},"author":1,"featured_media":0,"parent":0,"menu_order":0,"comment_status":"closed","ping_status":"closed","template":"page-blank.php","meta":{"footnotes":""},"class_list":["post-85","page","type-page","status-publish","hentry"],"_links":{"self":[{"href":"https:\/\/finetech.ma\/index.php?rest_route=\/wp\/v2\/pages\/85","targetHints":{"allow":["GET"]}}],"collection":[{"href":"https:\/\/finetech.ma\/index.php?rest_route=\/wp\/v2\/pages"}],"about":[{"href":"https:\/\/finetech.ma\/index.php?rest_route=\/wp\/v2\/types\/page"}],"author":[{"embeddable":true,"href":"https:\/\/finetech.ma\/index.php?rest_route=\/wp\/v2\/users\/1"}],"replies":[{"embeddable":true,"href":"https:\/\/finetech.ma\/index.php?rest_route=%2Fwp%2Fv2%2Fcomments&post=85"}],"version-history":[{"count":9,"href":"https:\/\/finetech.ma\/index.php?rest_route=\/wp\/v2\/pages\/85\/revisions"}],"predecessor-version":[{"id":162,"href":"https:\/\/finetech.ma\/index.php?rest_route=\/wp\/v2\/pages\/85\/revisions\/162"}],"wp:attachment":[{"href":"https:\/\/finetech.ma\/index.php?rest_route=%2Fwp%2Fv2%2Fmedia&parent=85"}],"curies":[{"name":"wp","href":"https:\/\/api.w.org\/{rel}","templated":true}]}}